{"id":4261,"date":"2025-11-06T08:02:29","date_gmt":"2025-11-06T13:02:29","guid":{"rendered":"https:\/\/veobrandingcompany.com\/the-explorer-blog\/"},"modified":"2025-11-11T12:24:40","modified_gmt":"2025-11-11T17:24:40","slug":"the-explorer-blog","status":"publish","type":"page","link":"https:\/\/veobrandingcompany.com\/es\/the-explorer-blog\/","title":{"rendered":"The Explorer \u2014 Blog"},"content":{"rendered":"<p>Creamos The Explorer para compartir m\u00e1s que solo lo que hacemos: queremos compartir c\u00f3mo pensamos, qu\u00e9 observamos y hacia d\u00f3nde creemos que las marcas se dirigen.<\/p>\n<p>Ya sea que est\u00e9s construyendo una marca, gestionando una o simplemente tengas curiosidad por el lado creativo de la estrategia, esperamos que ac\u00e1 encuentres inspiraci\u00f3n, ideas y una nueva forma de mirar las cosas.<\/p>\n","protected":false},"excerpt":{"rendered":"<p>Creamos The Explorer para compartir m\u00e1s que solo lo que hacemos: queremos compartir c\u00f3mo pensamos, qu\u00e9 observamos y hacia d\u00f3nde creemos que las marcas se dirigen. Ya sea que est\u00e9s construyendo una marca, gestionando una o simplemente tengas curiosidad por el lado creativo de la estrategia, esperamos que ac\u00e1 encuentres inspiraci\u00f3n, ideas y una nueva forma de mirar las cosas.<\/p>\n","protected":false},"author":1,"featured_media":0,"parent":0,"menu_order":0,"comment_status":"closed","ping_status":"closed","template":"blogs.php","meta":{"_acf_changed":false,"footnotes":""},"class_list":["post-4261","page","type-page","status-publish","hentry"],"acf":[],"aioseo_notices":[],"_links":{"self":[{"href":"https:\/\/veobrandingcompany.com\/es\/wp-json\/wp\/v2\/pages\/4261","targetHints":{"allow":["GET"]}}],"collection":[{"href":"https:\/\/veobrandingcompany.com\/es\/wp-json\/wp\/v2\/pages"}],"about":[{"href":"https:\/\/veobrandingcompany.com\/es\/wp-json\/wp\/v2\/types\/page"}],"author":[{"embeddable":true,"href":"https:\/\/veobrandingcompany.com\/es\/wp-json\/wp\/v2\/users\/1"}],"replies":[{"embeddable":true,"href":"https:\/\/veobrandingcompany.com\/es\/wp-json\/wp\/v2\/comments?post=4261"}],"version-history":[{"count":2,"href":"https:\/\/veobrandingcompany.com\/es\/wp-json\/wp\/v2\/pages\/4261\/revisions"}],"predecessor-version":[{"id":4366,"href":"https:\/\/veobrandingcompany.com\/es\/wp-json\/wp\/v2\/pages\/4261\/revisions\/4366"}],"wp:attachment":[{"href":"https:\/\/veobrandingcompany.com\/es\/wp-json\/wp\/v2\/media?parent=4261"}],"curies":[{"name":"wp","href":"https:\/\/api.w.org\/{rel}","templated":true}]}}